{"id":325,"date":"2015-10-09T17:46:59","date_gmt":"2015-10-09T17:46:59","guid":{"rendered":"http:\/\/qunto-watches.de\/home\/?lang=de"},"modified":"2015-12-02T18:53:27","modified_gmt":"2015-12-02T17:53:27","slug":"willkommen","status":"publish","type":"page","link":"https:\/\/qunto-watches.de\/de\/","title":{"rendered":"Willkommen"},"content":{"rendered":"<div id='fullscreen_slider_1'  class='avia-fullscreen-slider main_color   avia-builder-el-0  el_before_av_section  avia-builder-el-first   container_wrap fullsize' style=' '  ><a href='#next-section' title='' class='scroll-down-link av-control-hidden' aria-hidden='true' data-av_icon='\ue877' data-av_iconfont='entypo-fontello'><\/a><div   data-size='no scaling'  data-lightbox_size='large'  data-animation='slide'  data-conditional_play=''  data-ids='101,87,209'  data-video_counter='0'  data-autoplay='true'  data-bg_slider='true'  data-slide_height='100'  data-handle='av_fullscreen'  data-interval='5'  data-class=' '  data-el_id=''  data-css_id='fullscreen_slider_1'  data-scroll_down='aviaTBscroll_down'  data-control_layout='av-control-hidden'  data-custom_markup=''  data-perma_caption='aviaTBperma_caption'  data-autoplay_stopper=''  data-image_attachment=''  data-min_height='0px'  data-lazy_loading='disabled'  data-stretch=''  class='avia-slideshow avia-slideshow-1 av-slider-scroll-down-active av-control-hidden av-default-height-applied avia-slideshow-no scaling av_fullscreen   avia-slide-slider '  itemprop=\"image\" itemscope=\"itemscope\" itemtype=\"https:\/\/schema.org\/ImageObject\" ><ul class='avia-slideshow-inner ' style='padding-bottom: 66.133333333333%;' ><li style='background-position:top center;' data-img-url='https:\/\/qunto-watches.de\/wp-content\/uploads\/2015\/10\/Qunto_Audemars-Piguet_Laptimer_Duesseldorf.jpg' class=' slide-1 ' ><div data-rel='slideshow-1' class='avia-slide-wrap '   ><\/div><\/li><li style='background-position:top center;' data-img-url='https:\/\/qunto-watches.de\/wp-content\/uploads\/2015\/10\/richard-mille_rm52-01-tourbillon-skull-nano-ceramic-2.jpg' class=' slide-2 ' ><div data-rel='slideshow-1' class='avia-slide-wrap '   ><\/div><\/li><li style='background-position:top center;' data-img-url='https:\/\/qunto-watches.de\/wp-content\/uploads\/2015\/10\/AP_Richard-Mille.jpg' class=' slide-3 ' ><div data-rel='slideshow-1' class='avia-slide-wrap '   ><\/div><\/li><\/ul><div class='avia-slideshow-arrows avia-slideshow-controls' ><a href='#prev' class='prev-slide ' aria-hidden='true' data-av_icon='\ue87c' data-av_iconfont='entypo-fontello' aria-hidden='true' tabindex='-1'>Zur\u00fcck<\/a><a href='#next' class='next-slide ' aria-hidden='true' data-av_icon='\ue87d' data-av_iconfont='entypo-fontello' aria-hidden='true' tabindex='-1'>Weiter<\/a><\/div><div class='avia-slideshow-dots avia-slideshow-controls'><a href='#1' class='goto-slide active' >1<\/a><a href='#2' class='goto-slide ' >2<\/a><a href='#3' class='goto-slide ' >3<\/a><\/div><\/div><\/div>\n<div id='start'  class='avia-section main_color avia-section-no-padding avia-no-border-styling  avia-bg-style-scroll  avia-builder-el-1  el_after_av_fullscreen  el_before_av_section   container_wrap fullsize' style=' '  ><div class='container' ><div class='template-page content  av-content-full alpha units'><div class='post-entry post-entry-type-page post-entry-325'><div class='entry-content-wrapper clearfix'>\n<div   class='hr hr-default   avia-builder-el-2  el_before_av_heading  avia-builder-el-first '><span class='hr-inner ' ><span class='hr-inner-style'><\/span><\/span><\/div>\n<div  style='padding-bottom:10px; font-size:30px;' class='av-special-heading av-special-heading-h3  blockquote modern-quote modern-centered  avia-builder-el-3  el_after_av_hr  el_before_av_partner  av-inherit-size '><h3 class='av-special-heading-tag '  itemprop=\"headline\"  >Unsere exklusiven Marken<\/h3><div class='special-heading-border'><div class='special-heading-inner-border' ><\/div><\/div><\/div>\n<div   data-autoplay='true'  data-interval='5'  data-animation='fade'  class='avia-logo-element-container av-border-deactivate avia-logo-slider avia-content-slider avia-smallarrow-slider avia-content-slider-active noHover avia-content-slider1 avia-content-slider-odd  avia-builder-el-4  el_after_av_heading  el_before_av_hr  ' ><div class='avia-smallarrow-slider-heading  no-logo-slider-navigation  no-logo-slider-heading '><\/div><div class='avia-content-slider-inner'><div class='slide-entry-wrap' ><div  class='slide-entry flex_column no_margin post-entry slide-entry-overview slide-loop-1 slide-parity-odd  av_one_fifth first real-thumbnail'><span class='av-partner-fake-img' style='padding-bottom:100%; background-image:url(https:\/\/qunto-watches.de\/wp-content\/uploads\/2015\/10\/HUBLOT.png);'><\/span><\/div><div  class='slide-entry flex_column no_margin post-entry slide-entry-overview slide-loop-2 slide-parity-even  av_one_fifth  real-thumbnail'><span class='av-partner-fake-img' style='padding-bottom:100%; background-image:url(https:\/\/qunto-watches.de\/wp-content\/uploads\/2015\/10\/ROLEX.png);'><\/span><\/div><div  class='slide-entry flex_column no_margin post-entry slide-entry-overview slide-loop-3 slide-parity-odd  av_one_fifth  real-thumbnail'><span class='av-partner-fake-img' style='padding-bottom:100%; background-image:url(https:\/\/qunto-watches.de\/wp-content\/uploads\/2015\/10\/BREITLING.png);'><\/span><\/div><div  class='slide-entry flex_column no_margin post-entry slide-entry-overview slide-loop-4 slide-parity-even  av_one_fifth  real-thumbnail'><span class='av-partner-fake-img' style='padding-bottom:100%; background-image:url(https:\/\/qunto-watches.de\/wp-content\/uploads\/2015\/10\/PATEK-PHILIPPE.png);'><\/span><\/div><div  class='slide-entry flex_column no_margin post-entry slide-entry-overview slide-loop-5 slide-parity-odd  av_one_fifth  real-thumbnail'><span class='av-partner-fake-img' style='padding-bottom:100%; background-image:url(https:\/\/qunto-watches.de\/wp-content\/uploads\/2015\/10\/IWC1.png);'><\/span><\/div><\/div><div class='slide-entry-wrap' ><div  class='slide-entry flex_column no_margin post-entry slide-entry-overview slide-loop-6 slide-parity-odd  av_one_fifth first real-thumbnail'><span class='av-partner-fake-img' style='padding-bottom:100%; background-image:url(https:\/\/qunto-watches.de\/wp-content\/uploads\/2015\/10\/AUDEMARS-PIGUET.png);'><\/span><\/div><div  class='slide-entry flex_column no_margin post-entry slide-entry-overview slide-loop-7 slide-parity-even  av_one_fifth  real-thumbnail'><span class='av-partner-fake-img' style='padding-bottom:100%; background-image:url(https:\/\/qunto-watches.de\/wp-content\/uploads\/2015\/10\/JAEGER-LECOULTRE.png);'><\/span><\/div><div  class='slide-entry flex_column no_margin post-entry slide-entry-overview slide-loop-8 slide-parity-odd  av_one_fifth  real-thumbnail'><span class='av-partner-fake-img' style='padding-bottom:100%; background-image:url(https:\/\/qunto-watches.de\/wp-content\/uploads\/2015\/10\/LANGEuSOEHNE.png);'><\/span><\/div><div  class='slide-entry flex_column no_margin post-entry slide-entry-overview slide-loop-9 slide-parity-even  av_one_fifth  real-thumbnail'><span class='av-partner-fake-img' style='padding-bottom:100%; background-image:url(https:\/\/qunto-watches.de\/wp-content\/uploads\/2015\/10\/PANERAI.png);'><\/span><\/div><div  class='slide-entry flex_column no_margin post-entry slide-entry-overview slide-loop-10 slide-parity-odd  post-entry-last  av_one_fifth  real-thumbnail'><span class='av-partner-fake-img' style='padding-bottom:100%; background-image:url(https:\/\/qunto-watches.de\/wp-content\/uploads\/2015\/10\/ULYSSE.png);'><\/span><\/div><\/div><\/div><\/div>\n<div   class='hr hr-default   avia-builder-el-5  el_after_av_partner  avia-builder-el-last '><span class='hr-inner ' ><span class='hr-inner-style'><\/span><\/span><\/div>\n<\/div><\/div><\/div><!-- close content main div --><\/div><\/div><div id='av_section_2'  class='avia-section main_color avia-section-default avia-no-shadow  av-parallax-section av-section-color-overlay-active avia-bg-style-parallax  avia-builder-el-6  el_after_av_section  el_before_av_section   container_wrap fullsize' style=' '  data-section-bg-repeat='no-repeat'><div class='av-parallax' data-avia-parallax-ratio='0.3' ><div class='av-parallax-inner main_color  avia-full-stretch' style = 'background-repeat: no-repeat; background-image: url(https:\/\/qunto-watches.de\/wp-content\/uploads\/2015\/10\/Qunto_ap-ms-1500x630.jpg);background-attachment: scroll; background-position: top center; ' ><\/div><\/div><div class='av-section-color-overlay-wrap'><div class='av-section-color-overlay' style='opacity: 0.5; background-color: #595959; '><\/div><div class='container' ><div class='template-page content  av-content-full alpha units'><div class='post-entry post-entry-type-page post-entry-325'><div class='entry-content-wrapper clearfix'>\n<div  style='padding-bottom:10px; color:#e5c19a;font-size:35px;' class='av-special-heading av-special-heading-h2 custom-color-heading blockquote classic-quote  avia-builder-el-7  el_before_av_font_icon  avia-builder-el-first  av-inherit-size '><h2 class='av-special-heading-tag '  itemprop=\"headline\"  >Folgen Sie uns auf Instagram<\/h2><div class='special-heading-border'><div class='special-heading-inner-border' style='border-color:#e5c19a'><\/div><\/div><\/div>\n<span  class=\"av_font_icon avia_animate_when_visible avia-icon-animate  av-icon-style-  av-no-color avia-icon-pos-center \" style=\"\"><a href='http:\/\/instagram.com\/quntowatches' target=\"_blank\" rel=\"noopener noreferrer\" class='av-icon-char' style='font-size:40px;line-height:40px;' aria-hidden='true' data-av_icon='\ue909' data-av_iconfont='entypo-fontello'><\/a><\/span>\n<\/p>\n<\/div><\/div><\/div><!-- close content main div --><\/div><\/div><\/div><div id='av_section_3'  class='avia-section main_color avia-section-default avia-no-shadow  avia-bg-style-scroll  avia-builder-el-9  el_after_av_section  avia-builder-el-last   container_wrap fullsize' style=' '  ><div class='container' ><div class='template-page content  av-content-full alpha units'><div class='post-entry post-entry-type-page post-entry-325'><div class='entry-content-wrapper clearfix'>\n<div  style='padding-bottom:10px; font-size:30px;' class='av-special-heading av-special-heading-h3  blockquote classic-quote  avia-builder-el-10  el_before_av_hr  avia-builder-el-first  av-inherit-size '><h3 class='av-special-heading-tag '  itemprop=\"headline\"  ><span class='special_amp'>&#8222;<\/span>Zeit ist das wertvollste Gut auf unserer Erde&#8230; mit uns k\u00f6nnen Sie jede Sekunde in der besten Qualit\u00e4t der Uhrenhersteller geniessen!<span class='special_amp'>&#8220;<\/span><\/h3><div class='special-heading-border'><div class='special-heading-inner-border' ><\/div><\/div><\/div>\n<div  style='height:30px' class='hr hr-invisible   avia-builder-el-11  el_after_av_heading  el_before_av_one_third '><span class='hr-inner ' ><span class='hr-inner-style'><\/span><\/span><\/div>\n<div class=\"flex_column av_one_third  flex_column_div av-zero-column-padding first  avia-builder-el-12  el_after_av_hr  el_before_av_one_third  \" style='border-radius:0px; '><article  class=\"iconbox iconbox_top main_color    avia-builder-el-13  avia-builder-el-no-sibling  \"  itemscope=\"itemscope\" itemtype=\"https:\/\/schema.org\/CreativeWork\" ><div class=\"iconbox_content\"><header class=\"entry-content-header\"><div class=\"iconbox_icon heading-color\" aria-hidden='true' data-av_icon='\ue809' data-av_iconfont='entypo-fontello'  ><\/div><h3 class='iconbox_content_title  '  itemprop=\"headline\"  >Qualit\u00e4t<\/h3><\/header><div class='iconbox_content_container  '  itemprop=\"text\"  ><p>In unserem Flagstore erwarten Sie die exklusivsten Uhren der Welt. Jeder Uhr wird vor Auslieferung von unseren Uhrmachern mehrfach \u00fcberpr\u00fcft.<\/p>\n<\/div><\/div><footer class=\"entry-footer\"><\/footer><\/article><\/div><div class=\"flex_column av_one_third  flex_column_div av-zero-column-padding   avia-builder-el-14  el_after_av_one_third  el_before_av_one_third  \" style='border-radius:0px; '><article  class=\"iconbox iconbox_top main_color    avia-builder-el-15  avia-builder-el-no-sibling  \"  itemscope=\"itemscope\" itemtype=\"https:\/\/schema.org\/CreativeWork\" ><div class=\"iconbox_content\"><header class=\"entry-content-header\"><div class=\"iconbox_icon heading-color\" aria-hidden='true' data-av_icon='\ue812' data-av_iconfont='entypo-fontello'  ><\/div><h3 class='iconbox_content_title  '  itemprop=\"headline\"  >Service<\/h3><\/header><div class='iconbox_content_container  '  itemprop=\"text\"  ><p>Wir unterst\u00fctzen Sie in der Auswahl Ihrer neuen Uhr. Wenn das gew\u00fcnschte Modell gerade nicht verf\u00fcgbar ist, so organisieren wie diese f\u00fcr Sie in k\u00fcrzester Zeit.<\/p>\n<\/div><\/div><footer class=\"entry-footer\"><\/footer><\/article><\/div><div class=\"flex_column av_one_third  flex_column_div av-zero-column-padding   avia-builder-el-16  el_after_av_one_third  avia-builder-el-last  \" style='border-radius:0px; '><article  class=\"iconbox iconbox_top main_color    avia-builder-el-17  avia-builder-el-no-sibling  \"  itemscope=\"itemscope\" itemtype=\"https:\/\/schema.org\/CreativeWork\" ><div class=\"iconbox_content\"><header class=\"entry-content-header\"><div class=\"iconbox_icon heading-color\" aria-hidden='true' data-av_icon='\ue807' data-av_iconfont='entypo-fontello'  ><\/div><h3 class='iconbox_content_title  '  itemprop=\"headline\"  >100% Zufriedenheit<\/h3><\/header><div class='iconbox_content_container  '  itemprop=\"text\"  ><p>Jeder Kunde hat bei uns einen pers\u00f6nlichen Ansprechpartner. Ihre Zufriedenheit mit unserem Service liegt uns am Herzen.<\/p>\n<\/div><\/div><footer class=\"entry-footer\"><\/footer><\/article><\/div>\n\n","protected":false},"excerpt":{"rendered":"","protected":false},"author":1,"featured_media":0,"parent":0,"menu_order":0,"comment_status":"closed","ping_status":"closed","template":"","meta":[],"yoast_head":"<!-- This site is optimized with the Yoast SEO plugin v16.6 - https:\/\/yoast.com\/wordpress\/plugins\/seo\/ -->\n<title>Willkommen - Qunto Watches<\/title>\n<meta name=\"robots\" content=\"index, follow, max-snippet:-1, max-image-preview:large, max-video-preview:-1\" \/>\n<link rel=\"canonical\" href=\"https:\/\/qunto-watches.de\/?lang=de\" \/>\n<meta property=\"og:locale\" content=\"de_DE\" \/>\n<meta property=\"og:type\" content=\"article\" \/>\n<meta property=\"og:title\" content=\"Willkommen - Qunto Watches\" \/>\n<meta property=\"og:url\" content=\"https:\/\/qunto-watches.de\/?lang=de\" \/>\n<meta property=\"og:site_name\" content=\"Qunto Watches\" \/>\n<meta property=\"article:modified_time\" content=\"2015-12-02T17:53:27+00:00\" \/>\n<meta name=\"twitter:card\" content=\"summary\" \/>\n<meta name=\"twitter:label1\" content=\"Gesch\u00e4tzte Lesezeit\" \/>\n\t<meta name=\"twitter:data1\" content=\"6 Minuten\" \/>\n<script type=\"application\/ld+json\" class=\"yoast-schema-graph\">{\"@context\":\"https:\/\/schema.org\",\"@graph\":[{\"@type\":\"WebSite\",\"@id\":\"https:\/\/qunto-watches.de\/#website\",\"url\":\"https:\/\/qunto-watches.de\/\",\"name\":\"Qunto Watches\",\"description\":\"High Class Timepieces\",\"potentialAction\":[{\"@type\":\"SearchAction\",\"target\":{\"@type\":\"EntryPoint\",\"urlTemplate\":\"https:\/\/qunto-watches.de\/?s={search_term_string}\"},\"query-input\":\"required name=search_term_string\"}],\"inLanguage\":\"de-DE\"},{\"@type\":\"WebPage\",\"@id\":\"https:\/\/qunto-watches.de\/?lang=de#webpage\",\"url\":\"https:\/\/qunto-watches.de\/?lang=de\",\"name\":\"Willkommen - Qunto Watches\",\"isPartOf\":{\"@id\":\"https:\/\/qunto-watches.de\/#website\"},\"datePublished\":\"2015-10-09T17:46:59+00:00\",\"dateModified\":\"2015-12-02T17:53:27+00:00\",\"breadcrumb\":{\"@id\":\"https:\/\/qunto-watches.de\/?lang=de#breadcrumb\"},\"inLanguage\":\"de-DE\",\"potentialAction\":[{\"@type\":\"ReadAction\",\"target\":[\"https:\/\/qunto-watches.de\/?lang=de\"]}]},{\"@type\":\"BreadcrumbList\",\"@id\":\"https:\/\/qunto-watches.de\/?lang=de#breadcrumb\",\"itemListElement\":[{\"@type\":\"ListItem\",\"position\":1,\"name\":\"Home\",\"item\":\"https:\/\/qunto-watches.de\/?lang=de\"},{\"@type\":\"ListItem\",\"position\":2,\"name\":\"Willkommen\"}]}]}<\/script>\n<!-- \/ Yoast SEO plugin. -->","_links":{"self":[{"href":"https:\/\/qunto-watches.de\/de\/wp-json\/wp\/v2\/pages\/325"}],"collection":[{"href":"https:\/\/qunto-watches.de\/de\/wp-json\/wp\/v2\/pages"}],"about":[{"href":"https:\/\/qunto-watches.de\/de\/wp-json\/wp\/v2\/types\/page"}],"author":[{"embeddable":true,"href":"https:\/\/qunto-watches.de\/de\/wp-json\/wp\/v2\/users\/1"}],"replies":[{"embeddable":true,"href":"https:\/\/qunto-watches.de\/de\/wp-json\/wp\/v2\/comments?post=325"}],"version-history":[{"count":5,"href":"https:\/\/qunto-watches.de\/de\/wp-json\/wp\/v2\/pages\/325\/revisions"}],"predecessor-version":[{"id":776,"href":"https:\/\/qunto-watches.de\/de\/wp-json\/wp\/v2\/pages\/325\/revisions\/776"}],"wp:attachment":[{"href":"https:\/\/qunto-watches.de\/de\/wp-json\/wp\/v2\/media?parent=325"}],"curies":[{"name":"wp","href":"https:\/\/api.w.org\/{rel}","templated":true}]}}